{"id":22,"date":"2022-04-20T15:38:16","date_gmt":"2022-04-20T15:38:16","guid":{"rendered":"https:\/\/www.funpsi.org\/index.php\/formacion\/"},"modified":"2026-03-12T23:59:24","modified_gmt":"2026-03-12T23:59:24","slug":"formacion","status":"publish","type":"page","link":"https:\/\/www.funpsi.org\/index.php\/formacion\/","title":{"rendered":"Formaci\u00f3n"},"content":{"rendered":"\n    \n    <section class=\"u-clearfix u-grey-5 u-section-2\" id=\"sec-19e2\">\n      <div class=\"u-clearfix u-sheet u-sheet-1\">\n        <div class=\"u-expanded-width-xs u-palette-2-base u-shape u-shape-rectangle u-shape-1\"><\/div>\n        <img decoding=\"async\" class=\"u-image u-image-default u-image-1\" data-image-width=\"1600\" data-image-height=\"971\" src=\"https:\/\/www.funpsi.org\/wp-content\/uploads\/2022\/04\/min.jpg\">\n        <div class=\"u-align-left u-container-align-left u-container-style u-group u-hidden-xs u-palette-4-base u-group-1\">\n          <div class=\"u-container-layout u-container-layout-1\">\n            <h3 class=\"u-text u-text-1\"> Una oferta que ofrece mejores expectativas laborales y la posibilidad de encontrar nuevos yacimientos de empleo.<br>\n              <br>Alianzas acad\u00e9micas con instituciones y entidades de inter\u00e9s cient\u00edfico profesional que aporten un mayor valor a la formaci\u00f3n ofertada.<br>\n            <\/h3>\n          <\/div>\n        <\/div>\n        <div class=\"u-align-left u-container-align-left u-container-style u-group u-hidden-lg u-hidden-md u-hidden-sm u-hidden-xs u-palette-4-base u-group-2\">\n          <div class=\"u-container-layout u-valign-top u-container-layout-2\">\n            <h6 class=\"u-text u-text-2\"><span style=\"font-size: 2.25rem; font-weight: 700;\"> I<span style=\"font-weight: 700;\">NNOVACI\u00d3N<\/span>\n                <br>\n                <br>\n                <br><span style=\"font-weight: 700;\">TIC\u00b4S<br><\/span>\n                <br>\n                <br><span style=\"font-weight: 700;\">ACR\u200bEDITACI\u00d3N<\/span><\/span>\n              <br>\n            <\/h6>\n          <\/div>\n        <\/div>\n      <\/div>\n    <\/section>\n    <section class=\"u-clearfix u-grey-5 u-section-3\" id=\"sec-ab1b\">\n      <div class=\"u-clearfix u-sheet u-sheet-1\">\n        <div class=\"data-layout-selected u-clearfix u-expanded-width u-layout-wrap u-layout-wrap-1\">\n          <div class=\"u-layout\" style=\"\">\n            <div class=\"u-layout-row\" style=\"\">\n              <div class=\"u-container-style u-layout-cell u-size-60 u-layout-cell-1\">\n                <div class=\"u-container-layout u-container-layout-1\">\n                  <div class=\"u-expanded-width u-palette-2-base u-shape u-shape-rectangle u-shape-1\"><\/div>\n                  <h2 class=\"u-align-left u-text u-text-1\"> Normativa de formaci\u00f3n<\/h2>\n                  <p class=\"u-align-justify u-text u-text-2\"><span style=\"font-weight: 700;\">TERMINOS Y CONDICIONES GENERALES AVISO LEGAL<br>LEY DE LOS SERVICIOS DE LA SOCIEDAD DE LA INFORMACI\u00d3N (LSSI)<\/span>\n                    <br><span class=\"u-text-black\">\n                      <br>Fundaci\u00f3n Espa\u00f1ola de Psicolog\u00eda y Salud, responsable del sitio web, en adelante RESPONSABLE, pone a disposici\u00f3n de los usuarios el presente documento, con el que pretende dar cumplimiento a las obligaciones dispuestas en la Ley 34\/2002, de 11 de julio, de Servicios de la Sociedad de la Informaci\u00f3n y de Comercio Electr\u00f3nico (LSSICE), BOE N.\u00ba 166, as\u00ed como informar a todos los usuarios del sitio web respecto a cu\u00e1les son las condiciones de uso. Toda persona que acceda a este sitio web asume el papel de usuario, comprometi\u00e9ndose a la observancia y cumplimiento riguroso de las disposiciones aqu\u00ed dispuestas, as\u00ed como a cualquier otra disposici\u00f3n legal que fuera de aplicaci\u00f3n. Fundaci\u00f3n Espa\u00f1ola de Psicolog\u00eda y Salud se reserva el derecho de modificar cualquier tipo de informaci\u00f3n que pudiera aparecer en el sitio web, sin que exista obligaci\u00f3n de preavisar o poner en conocimiento de los usuarios dichas obligaciones, entendi\u00e9ndose como suficiente la publicaci\u00f3n en el sitio web de FUNDACI\u00d3N DE PSICOLOG\u00cdA.<br>\n                      <br><\/span><span class=\"u-text-palette-1-base\" style=\"--text-color-var: #da1b1b;\"><span class=\"u-text-black\">Esta normativa se aplicar\u00e1 a los cursos cuya titularidad sea exclusivamente adscrita e impartidos por la Fundaci\u00f3n Espa\u00f1ola de Psicolog\u00eda y Salud. <br>\n                        <br>\n                        <br>A. Inscripciones <br>\n                        <br>A.1.-El plazo de inscripci\u00f3n a los cursos programados queda abierto a partir del momento de su publicaci\u00f3n en la web. Al menos con 15 d\u00edas de antelaci\u00f3n a la fecha de realizaci\u00f3n. <br>\n                        <br>A.2.-Para hacer efectiva la misma se deber\u00e1 de cumplimentar la solicitud de inscripci\u00f3n y abonar el importe correspondiente a la tasa de matriculaci\u00f3n. (La cuant\u00eda se reflejar\u00e1 en cada uno de los cursos e ir\u00e1 determinada por el n\u00famero de horas de duraci\u00f3n del mismo). <br>\n                        <br>Dicha cantidad ser\u00e1 descontada del precio de la matr\u00edcula una vez se confirme \u00e9sta. <br>\n                        <br>El pago de la inscripci\u00f3n podr\u00e1 realizarse por las siguientes v\u00edas: <br>\n                        <br>1.-Mediante ingreso bancario o transferencia en la cuenta ES66 0049 0372 1721 1094 2063   (no olvide incluir su nombre y curso en el que realiza la inscripci\u00f3n en el documento de ingreso o transferencia). <br>\n                        <br>2.-Mediante pago por tpv virtual del que es responsable FUNPSI, con tarjeta de cr\u00e9dito o d\u00e9bito, que cuenta con seguridad SSL.\u00ed. <br>\n                        <br>A.3.- Si se desea efectuar la inscripci\u00f3n a un curso que no dispone a\u00fan de fecha fijada, bastar\u00e1 con comunicarlo en la sede correspondiente o bien, mediante correo electr\u00f3nico a . <br>\n                        <br>A.4.-Una vez cubierto el n\u00famero m\u00ednimo de inscripciones para realizar el curso, el FUNPSI se pondr\u00e1 en contacto con las personas interesadas. Posteriormente se proceder\u00e1 a la formalizaci\u00f3n de la matr\u00edcula. <br>\n                        <br>A.5. \u2013 La adjudicaci\u00f3n de las plazas de toda acci\u00f3n formativa seguir\u00e1n rigurosamente el orden de inscripci\u00f3n. <br>\n                        <br>A.6.-Es requisito imprescindible aportar la documentaci\u00f3n requerida para acogerse a los precios de colegiados y colegiadas, en la formaci\u00f3n donde figuren  dichos descuentos. <br>\n                        <br>A.7.- En las actividades formativas de car\u00e1cter gratuito, adem\u00e1s de contemplar rigurosamente los dos criterios precedentes, en el caso de inasistencia injustificada la Fundaci\u00f3n Espa\u00f1ola de Psicolog\u00eda y Salud se reservan el derecho de declinar su solicitud de inscripci\u00f3n de futuras acciones formativas gratuitas. <br>\n                        <br>B. Matr\u00edcula. <br>\n                        <br>B.1.-Las matr\u00edculas se formalizar\u00e1n siguiendo el mismo procedimiento que las inscripciones. <br>\n                        <br>B.2.-Los cursos tendr\u00e1n un m\u00ednimo y un m\u00e1ximo de plazas; si no se llega al m\u00ednimo previsto, se podr\u00e1 suspender el curso, siendo este el \u00fanico caso en que se efectuar\u00e1 la devoluci\u00f3n del importe abonado. <br>\n                        <br>B.3.-El plazo para formalizar la matr\u00edcula se cerrar\u00e1 cinco d\u00edas laborables antes de la fecha de inicio del curso. Los alumnos preinscritos deber\u00e1n formalizar la matr\u00edcula en dicho plazo. <br>\n                        <br>C. Certificado <br>\n                        <br>C.1.-Todos los cursos tendr\u00e1n un justificante que acredite la asistencia o participaci\u00f3n con aprovechamiento al mismo por parte del alumnado, siendo necesario haber cumplido los requisitos de participaci\u00f3n indicados en los correspondientes procedimientos de evaluaci\u00f3n de cada acci\u00f3n formativa. <br>\n                        <br>C.2.-La certificaci\u00f3n se enviar\u00e1 por procedimientos electr\u00f3nicos con firma digital acreditada con excepci\u00f3n de los t\u00edtulos de M\u00e1ster, Experto y cursos de especializaci\u00f3n de m\u00e1s de 300 horas. <br>\n                        <br>C.3.-La expedici\u00f3n de duplicados de t\u00edtulos o duplicados de certificaci\u00f3n estar\u00e1 sujeta a la tarifa vigente en cada ejercicio. <br>\n                        <br>C.4.- El certificado de asistencia, en  el caso de actividades formativas de car\u00e1cter gratuito, tendr\u00e1 un coste de 15 \u20ac. <br>\n                        <br>D. Becas <br>\n                        <br>La Fundaci\u00f3n Espa\u00f1ola de Psicolog\u00eda y Salud podr\u00e1 acordar establecer un determinado n\u00famero de becas para aquellas actividades de formaci\u00f3n respecto de las que lo estime procedente, de las que se beneficiar\u00edan los\/as profesionales y Colegiados\/as en Situaci\u00f3n de Desempleo, seg\u00fan se establezca en cada formaci\u00f3n. <br>\n                        <br>Cuando existan plazas becadas en los cursos a impartir, los\/as profesionales y colegiados\/as que acrediten su condici\u00f3n de desempleo podr\u00e1n solicitarlas al cumplimentar la inscripci\u00f3n. A dichas becas no podr\u00e1n optar los\/as profesionales que est\u00e9n inscritos en el SAE para mejora de empleo. <br>\n                        <br>Una vez comunicada la concesi\u00f3n de la beca se deber\u00e1 formalizar la matr\u00edcula. <br>\n                        <br>Requisitos: <br>\n                        <br>Adjuntar certificado del SAE de encontrarse en situaci\u00f3n de desempleo as\u00ed como de no percibir prestaciones. <br>\n                        <br>Cumplimentar solicitud en FUNPSI. <br>\n                        <br>En estos casos: <br>\n                        <br>Se comprobar\u00e1 si ha sido becado\/a con anterioridad. <br>\n                        <br>Se seguir\u00e1 riguroso orden de entrada de solicitudes en el registro general de FUNPSI. <br>\n                        <br>Se conceder\u00e1n tantas becas como permita la evoluci\u00f3n econ\u00f3mica y la capacidad del alumnado del curso. <br>\n                        <br>E. Pol\u00edtica de devoluciones. <br>\n                        <br>La organizaci\u00f3n se reserva el derecho de proceder a las devoluciones de los pagos efectuados en concepto de matr\u00edculas o inscripciones para actividades formativas que ella organice, cuando concurran los motivos procedentes. <br>En ning\u00fan caso se proceder\u00e1 a devoluci\u00f3n de importe alguno efectuado, en caso de que el alumno desista de la formaci\u00f3n contratada si la solicitud de devoluci\u00f3n se realiza despu\u00e9s de los 6 d\u00edas laborables previos al inicio de la actividad formativa de referencia. <\/span>\n                      <br>\n                      <br><\/span>\n                    <br>\n                  <\/p>\n                <\/div>\n              <\/div>\n            <\/div>\n          <\/div>\n        <\/div>\n      <\/div>\n    <\/section>\n    <section class=\"u-clearfix u-grey-5 u-section-4\" id=\"sec-8083\">\n      <div class=\"u-clearfix u-sheet u-sheet-1\">\n        <div class=\"u-expanded-width u-palette-2-base u-shape u-shape-rectangle u-shape-1\"><\/div>\n        <div class=\"data-layout-selected u-clearfix u-expanded-width u-layout-wrap u-layout-wrap-1\">\n          <div class=\"u-layout\">\n            <div class=\"u-layout-row\">\n              <div class=\"u-container-style u-layout-cell u-size-60 u-layout-cell-1\">\n                <div class=\"u-container-layout u-container-layout-1\">\n                  <h2 class=\"u-align-left u-text u-text-1\"> POLITICA DE PRIVACIDAD RESPONSABLE DE TRATAMIENTO:&nbsp;<\/h2>\n                  <p class=\"u-align-justify u-text u-text-2\"><span style=\"font-weight: 700; font-size: 1.5rem;\">Fundaci\u00f3n Espa\u00f1ola de Psicolog\u00eda y Salud<\/span>\n                    <br>\n                    <br>Fundaci\u00f3n Espa\u00f1ola de Psicolog\u00eda y Salud <br>Nif\/Cif: G18848101 <br>Plaza del campillo n\u00fam.2, piso 6\u00ba puerta H 18009 \u2013 Granada, Espa\u00f1a. <br>Email de Contacto:   formacion@funpsi.org -  funpsisecretaria@gmail.com <br>\n                    <br>PROTECCI\u00d3N DE DATOS <br>Fundaci\u00f3n Espa\u00f1ola de Psicolog\u00eda y Salud (EN ADELANTE FUNPSI) cumple con las directrices del Reglamento Europeo de Protecci\u00f3n de Datos, y la Ley Org\u00e1nica 3\/2018 de Protecci\u00f3n de Datos y Garant\u00eda de los Derechos Digitales, y dem\u00e1s normativa vigente en cada momento, y garantiza la seguridad, el correcto uso y tratamiento de los datos personales del usuario. <br>\n                    <br>FUNPSI, informa al usuario de que sus datos personales ser\u00e1n tratados con la \u00fanica finalidad de darle el mejor servicio posible, dicho tratamiento de los datos personales que el propio usuario nos facilita, se basa en el consentimiento del mismo al ceder sus datos, y en la prestaci\u00f3n de los servicios propios de esta entidad con sus alumnos .<br>\n                    <br>Igualmente le informamos que si usted presta su consentimiento para ello, sus datos ser\u00e1n tratados con fines publicitarios, es decir para darle a conocer servicios, noticias, eventos, e informaci\u00f3n en general, sobre esta entidad, que estimemos le puede interesar. <br>\n                    <br>Sus datos personales ser\u00e1n protegidos, tomando todas las medidas de seguridad que est\u00e9n en nuestras manos, asegurando su confidencialidad e invariabilidad, los mismos no ser\u00e1n cedidos a terceros, salvo en los casos que establezca la ley, o cuando sean requeridos por autoridades judiciales, o policiales . <br>\n                    <br>FUNPSI guardar\u00e1 sus datos durante el tiempo necesario para hacer frente a posibles responsabilidades legales, en los casos en los que  los datos no pertenezcan a un colegiado, es decir cuando sean datos solo para contacto o informaci\u00f3n, estos datos se eliminar\u00e1n una vez no sean necesarios . <br>\n                    <br>El Usuario tiene derecho a obtener informaci\u00f3n sobre el tratamiento que FUNPSI da a sus datos, y por supuesto tiene derecho a ejercer sus derechos de acceso, rectificaci\u00f3n, cancelaci\u00f3n, oposici\u00f3n, olvido, exportaci\u00f3n para ello solo tendr\u00e1 que ponerse en contacto con nosotros en la direcci\u00f3n de mail: <br>FUNPSI le informa de que dispone de Delegado de Protecci\u00f3n de Datos, con el que puede ponerse en contacto a trav\u00e9s de la direcci\u00f3n mail: <br>El Usuario ser\u00e1 responsable de la veracidad de los datos que nos facilite. <br>\n                    <br>\n                  <\/p>\n                <\/div>\n              <\/div>\n            <\/div>\n          <\/div>\n        <\/div>\n      <\/div>\n    <\/section>\n    <section class=\"u-align-center u-clearfix u-container-align-center u-palette-4-base u-section-5\" id=\"block-5\">\n      <div class=\"u-clearfix u-sheet u-valign-top-xl u-sheet-1\">\n        <div class=\"u-border-1 u-border-grey-25 u-container-style u-expanded-width-lg u-expanded-width-md u-expanded-width-sm u-expanded-width-xs u-group u-white u-group-1\">\n          <div class=\"u-container-layout u-valign-middle-sm u-container-layout-1\">\n            <h3 class=\"u-align-center u-custom-font u-font-open-sans u-text u-text-1\">Informaci\u00f3n de contato<\/h3>\n            <a href=\"mailto:formacion@funpsi.org\" class=\"u-active-none u-btn u-button-style u-hover-none u-none u-text-hover-palette-1-base u-btn-1\"><span class=\"u-icon u-icon-1\"><svg class=\"u-svg-content\" viewBox=\"0 0 479.058 479.058\" style=\"width: 1em; height: 1em;\"><path d=\"m434.146 59.882h-389.234c-24.766 0-44.912 20.146-44.912 44.912v269.47c0 24.766 20.146 44.912 44.912 44.912h389.234c24.766 0 44.912-20.146 44.912-44.912v-269.47c0-24.766-20.146-44.912-44.912-44.912zm0 29.941c2.034 0 3.969.422 5.738 1.159l-200.355 173.649-200.356-173.649c1.769-.736 3.704-1.159 5.738-1.159zm0 299.411h-389.234c-8.26 0-14.971-6.71-14.971-14.971v-251.648l199.778 173.141c2.822 2.441 6.316 3.655 9.81 3.655s6.988-1.213 9.81-3.655l199.778-173.141v251.649c-.001 8.26-6.711 14.97-14.971 14.97z\"><\/path><\/svg><\/span>&nbsp; formacion@funpsi.org\n            <\/a>\n            <p class=\"u-text u-text-2\"><span style=\"font-weight: 700;\">Fundaci\u00f3n Espa\u00f1ola de Psicolog\u00eda y Salud<br><\/span> Plaza del campillo n\u00fam.2, piso 6\u00ba puerta H 18009 \u2013 Granada, Espa\u00f1a.\n            <\/p>\n            <a href=\"mailto:formacion@funpsi.org\" class=\"u-active-none u-btn u-button-style u-hover-none u-none u-text-hover-palette-1-base u-btn-2\"><span class=\"u-icon u-icon-2\"><svg class=\"u-svg-content\" viewBox=\"0 0 479.058 479.058\" style=\"width: 1em; height: 1em;\"><path d=\"m434.146 59.882h-389.234c-24.766 0-44.912 20.146-44.912 44.912v269.47c0 24.766 20.146 44.912 44.912 44.912h389.234c24.766 0 44.912-20.146 44.912-44.912v-269.47c0-24.766-20.146-44.912-44.912-44.912zm0 29.941c2.034 0 3.969.422 5.738 1.159l-200.355 173.649-200.356-173.649c1.769-.736 3.704-1.159 5.738-1.159zm0 299.411h-389.234c-8.26 0-14.971-6.71-14.971-14.971v-251.648l199.778 173.141c2.822 2.441 6.316 3.655 9.81 3.655s6.988-1.213 9.81-3.655l199.778-173.141v251.649c-.001 8.26-6.711 14.97-14.971 14.97z\"><\/path><\/svg><\/span>&nbsp; \u200bfunpsisecretaria@gmail.com\n            <\/a>\n            <a href=\"tel:+34 958 535148\" class=\"u-active-none u-btn u-button-style u-hover-none u-none u-text-hover-palette-1-base u-btn-3\"><span class=\"u-icon u-text-palette-2-base\"><svg class=\"u-svg-content\" viewBox=\"0 0 241.73 241.73\" x=\"0px\" y=\"0px\" style=\"width: 1em; height: 1em;\"><g><path style=\"fill:currentColor;\" d=\"M234.771,181.213l-34.938-34.953c-4.692-4.668-10.975-7.24-17.689-7.24   c-6.987,0-13.584,2.751-18.572,7.742l-13.6,13.597c-10.568-5.874-24.614-13.953-39.197-28.536   c-14.566-14.571-22.646-28.576-28.55-39.201l13.613-13.603c10.121-10.142,10.328-26.413,0.463-36.269L61.37,7.818   c-4.679-4.692-10.962-7.276-17.693-7.276c-6.831,0-13.293,2.63-18.252,7.417c-3,2.416-18.055,15.706-23.666,43.114   c-7.856,38.363,10.194,75.274,62.302,127.403c58.209,58.191,107.902,62.714,121.746,62.714c2.882,0,4.621-0.178,5.085-0.232   c27.147-3.182,36.867-15.238,43.964-24.041C244.052,205.508,244.02,190.496,234.771,181.213z M223.178,207.502   c-6.671,8.274-12.971,16.088-34.031,18.557c-0.011,0.001-1.163,0.13-3.34,0.13c-12.386,0-57.008-4.206-111.139-58.32   C26.615,119.796,9.749,86.829,16.454,54.081c4.894-23.906,17.887-34.067,18.392-34.453l0.448-0.331l0.393-0.394   c2.169-2.167,5.006-3.361,7.989-3.361c2.716,0,5.228,1.018,7.08,2.876l34.939,34.94c4.02,4.016,3.806,10.774-0.471,15.06   L69.829,83.8l-0.253,0.265c-4.012,4.419-3.54,10.391-1.33,14.28c6.377,11.508,15.112,27.269,31.92,44.082   c16.752,16.752,32.49,25.48,43.966,31.845c1.149,0.645,3.521,1.727,6.49,1.727c3.506,0,6.725-1.484,9.108-4.189l14.448-14.444   c2.157-2.158,4.985-3.347,7.964-3.347c2.722,0,5.247,1.021,7.095,2.859l34.915,34.93   C228.587,196.259,226.756,203.064,223.178,207.502z\"><\/path><path style=\"fill:currentColor;\" d=\"M146.447,37.293c12.887,1.483,28.061,9.289,38.657,19.886c10.695,10.695,18.52,26.023,19.933,39.05   c0.417,3.843,3.667,6.691,7.447,6.691c0.27,0,0.544-0.015,0.818-0.044c4.118-0.447,7.094-4.147,6.647-8.265   c-1.787-16.467-11.075-34.874-24.238-48.038c-13.04-13.041-31.259-22.306-47.549-24.181c-4.113-0.477-7.834,2.479-8.308,6.593   C139.38,33.099,142.331,36.819,146.447,37.293z\"><\/path><path style=\"fill:currentColor;\" d=\"M139.44,68.711c6.97,0.803,16.616,5.973,22.935,12.292c6.373,6.374,11.553,16.112,12.316,23.157   c0.417,3.844,3.667,6.692,7.447,6.692c0.27,0,0.543-0.015,0.817-0.044c4.118-0.447,7.095-4.147,6.648-8.265   c-1.304-12.028-9.289-24.813-16.623-32.147c-7.268-7.269-19.928-15.216-31.825-16.587c-4.119-0.479-7.835,2.478-8.309,6.592   C132.373,64.516,135.325,68.237,139.44,68.711z\"><\/path>\n<\/g><\/svg><\/span>&nbsp;\u200b+34 958 535148 \n            <\/a>\n            <div class=\"u-align-left u-social-icons u-social-icons-1\">\n              <a class=\"u-social-url\" target=\"_blank\" href=\"https:\/\/www.facebook.com\/\" title=\"facebook\"><span class=\"u-icon u-icon-circle u-social-facebook u-social-icon u-text-palette-2-base u-icon-4\"><svg class=\"u-svg-link\" preserveAspectRatio=\"xMidYMin slice\" viewBox=\"0 0 112 112\" style=\"\"><use xmlns:xlink=\"http:\/\/www.w3.org\/1999\/xlink\" xlink:href=\"#svg-b467\"><\/use><\/svg><svg x=\"0px\" y=\"0px\" viewBox=\"0 0 112 112\" id=\"svg-b467\" class=\"u-svg-content\"><path d=\"M75.5,28.8H65.4c-1.5,0-4,0.9-4,4.3v9.4h13.9l-1.5,15.8H61.4v45.1H42.8V58.3h-8.8V42.4h8.8V32.2 c0-7.4,3.4-18.8,18.8-18.8h13.8v15.4H75.5z\"><\/path><\/svg><\/span>\n              <\/a>\n              <a class=\"u-social-url\" target=\"_blank\" href=\"https:\/\/twitter.com\/\" title=\"twitter\"><span class=\"u-icon u-icon-circle u-social-icon u-social-twitter u-text-palette-2-base u-icon-5\"><svg class=\"u-svg-link\" preserveAspectRatio=\"xMidYMin slice\" viewBox=\"0 0 112 112\" style=\"\"><use xmlns:xlink=\"http:\/\/www.w3.org\/1999\/xlink\" xlink:href=\"#svg-9e25\"><\/use><\/svg><svg x=\"0px\" y=\"0px\" viewBox=\"0 0 112 112\" id=\"svg-9e25\" class=\"u-svg-content\"><path d=\"M92.2,38.2c0,0.8,0,1.6,0,2.3c0,24.3-18.6,52.4-52.6,52.4c-10.6,0.1-20.2-2.9-28.5-8.2 c1.4,0.2,2.9,0.2,4.4,0.2c8.7,0,16.7-2.9,23-7.9c-8.1-0.2-14.9-5.5-17.3-12.8c1.1,0.2,2.4,0.2,3.4,0.2c1.6,0,3.3-0.2,4.8-0.7 c-8.4-1.6-14.9-9.2-14.9-18c0-0.2,0-0.2,0-0.2c2.5,1.4,5.4,2.2,8.4,2.3c-5-3.3-8.3-8.9-8.3-15.4c0-3.4,1-6.5,2.5-9.2 c9.1,11.1,22.7,18.5,38,19.2c-0.2-1.4-0.4-2.8-0.4-4.3c0.1-10,8.3-18.2,18.5-18.2c5.4,0,10.1,2.2,13.5,5.7c4.3-0.8,8.1-2.3,11.7-4.5 c-1.4,4.3-4.3,7.9-8.1,10.1c3.7-0.4,7.3-1.4,10.6-2.9C98.9,32.3,95.7,35.5,92.2,38.2z\"><\/path><\/svg><\/span>\n              <\/a>\n              <a class=\"u-social-url\" target=\"_blank\" href=\"https:\/\/www.instagram.com\" title=\"instagram\"><span class=\"u-icon u-icon-circle u-social-icon u-social-instagram u-text-palette-2-base u-icon-6\"><svg class=\"u-svg-link\" preserveAspectRatio=\"xMidYMin slice\" viewBox=\"0 0 112 112\" style=\"\"><use xmlns:xlink=\"http:\/\/www.w3.org\/1999\/xlink\" xlink:href=\"#svg-4054\"><\/use><\/svg><svg x=\"0px\" y=\"0px\" viewBox=\"0 0 112 112\" id=\"svg-4054\" class=\"u-svg-content\"><path d=\"M55.9,32.9c-12.8,0-23.2,10.4-23.2,23.2s10.4,23.2,23.2,23.2s23.2-10.4,23.2-23.2S68.7,32.9,55.9,32.9z M55.9,69.4c-7.4,0-13.3-6-13.3-13.3c-0.1-7.4,6-13.3,13.3-13.3s13.3,6,13.3,13.3C69.3,63.5,63.3,69.4,55.9,69.4z\"><\/path><path d=\"M79.7,26.8c-3,0-5.4,2.5-5.4,5.4s2.5,5.4,5.4,5.4c3,0,5.4-2.5,5.4-5.4S82.7,26.8,79.7,26.8z\"><\/path><path d=\"M78.2,11H33.5C21,11,10.8,21.3,10.8,33.7v44.7c0,12.6,10.2,22.8,22.7,22.8h44.7c12.6,0,22.7-10.2,22.7-22.7 V33.7C100.8,21.1,90.6,11,78.2,11z M91,78.4c0,7.1-5.8,12.8-12.8,12.8H33.5c-7.1,0-12.8-5.8-12.8-12.8V33.7 c0-7.1,5.8-12.8,12.8-12.8h44.7c7.1,0,12.8,5.8,12.8,12.8V78.4z\"><\/path><\/svg><\/span>\n              <\/a>\n              <a class=\"u-social-url\" target=\"_blank\" href=\"https:\/\/linkedin.com\" title=\"linkedin\"><span class=\"u-icon u-icon-circle u-social-icon u-social-linkedin u-text-palette-2-base u-icon-7\"><svg class=\"u-svg-link\" preserveAspectRatio=\"xMidYMin slice\" viewBox=\"0 0 112 112\" style=\"\"><use xmlns:xlink=\"http:\/\/www.w3.org\/1999\/xlink\" xlink:href=\"#svg-f81c\"><\/use><\/svg><svg x=\"0px\" y=\"0px\" viewBox=\"0 0 112 112\" id=\"svg-f81c\" class=\"u-svg-content\"><path d=\"M33.8,96.8H14.5v-58h19.3V96.8z M24.1,30.9L24.1,30.9c-6.6,0-10.8-4.5-10.8-10.1c0-5.8,4.3-10.1,10.9-10.1 S34.9,15,35.1,20.8C35.1,26.4,30.8,30.9,24.1,30.9z M103.3,96.8H84.1v-31c0-7.8-2.7-13.1-9.8-13.1c-5.3,0-8.5,3.6-9.9,7.1 c-0.6,1.3-0.6,3-0.6,4.8V97H44.5c0,0,0.3-52.6,0-58h19.3v8.2c2.6-3.9,7.2-9.6,17.4-9.6c12.7,0,22.2,8.4,22.2,26.1V96.8z\"><\/path><\/svg><\/span>\n              <\/a>\n              <a class=\"u-social-url\" target=\"_blank\" href=\"https:\/\/pinterest.com\/\" title=\"pinterest\"><span class=\"u-icon u-icon-circle u-social-icon u-social-pinterest u-text-palette-2-base u-icon-8\"><svg class=\"u-svg-link\" preserveAspectRatio=\"xMidYMin slice\" viewBox=\"0 0 112 112\" style=\"\"><use xmlns:xlink=\"http:\/\/www.w3.org\/1999\/xlink\" xlink:href=\"#svg-15ea\"><\/use><\/svg><svg x=\"0px\" y=\"0px\" viewBox=\"0 0 112 112\" id=\"svg-15ea\" class=\"u-svg-content\"><path d=\"M61.9,79.8c-5.5-0.3-7.8-3.1-12-5.8c-2.3,12.4-5.4,24.3-13.8,30.5c-2.6-18.7,3.8-32.8,6.9-47.7 c-5.1-8.7,0.7-26.2,11.5-21.9c13.5,5.4-11.6,32.3,5.1,35.7c17.6,3.5,24.7-30.5,13.8-41.4c-15.7-16.1-45.7-0.5-42,22.3 c0.9,5.6,6.7,7.2,2.3,15c-10.1-2.2-13-10.2-12.7-20.7c0.6-17.3,15.5-29.3,30.5-31.1c19-2.2,36.8,6.9,39.2,24.7 C93.4,59.5,82.3,81.3,61.9,79.8z\"><\/path><\/svg><\/span>\n              <\/a>\n            <\/div>\n          <\/div>\n        <\/div>\n      <\/div>\n    <\/section>\n    \n    \n    \n    \n  \n","protected":false},"excerpt":{"rendered":"<p>Una oferta que ofrece mejores expectativas laborales y la posibilidad de encontrar nuevos yacimientos de empleo. Alianzas acad\u00e9micas con instituciones y entidades de inter\u00e9s cient\u00edfico profesional que aporten un mayor valor a la formaci\u00f3n ofertada. INNOVACI\u00d3N TIC\u00b4S ACR\u200bEDITACI\u00d3N Normativa de formaci\u00f3n TERMINOS Y CONDICIONES GENERALES AVISO LEGALLEY DE LOS SERVICIOS DE LA SOCIEDAD DE LA &hellip; <a href=\"https:\/\/www.funpsi.org\/index.php\/formacion\/\" class=\"more-link\">Continue reading<span class=\"screen-reader-text\"> \u00abFormaci\u00f3n\u00bb<\/span><\/a><\/p>\n","protected":false},"author":1,"featured_media":0,"parent":0,"menu_order":1,"comment_status":"closed","ping_status":"closed","template":"","meta":{"footnotes":""},"class_list":["post-22","page","type-page","status-publish","hentry"],"_links":{"self":[{"href":"https:\/\/www.funpsi.org\/index.php\/wp-json\/wp\/v2\/pages\/22","targetHints":{"allow":["GET"]}}],"collection":[{"href":"https:\/\/www.funpsi.org\/index.php\/wp-json\/wp\/v2\/pages"}],"about":[{"href":"https:\/\/www.funpsi.org\/index.php\/wp-json\/wp\/v2\/types\/page"}],"author":[{"embeddable":true,"href":"https:\/\/www.funpsi.org\/index.php\/wp-json\/wp\/v2\/users\/1"}],"replies":[{"embeddable":true,"href":"https:\/\/www.funpsi.org\/index.php\/wp-json\/wp\/v2\/comments?post=22"}],"version-history":[{"count":13,"href":"https:\/\/www.funpsi.org\/index.php\/wp-json\/wp\/v2\/pages\/22\/revisions"}],"predecessor-version":[{"id":119,"href":"https:\/\/www.funpsi.org\/index.php\/wp-json\/wp\/v2\/pages\/22\/revisions\/119"}],"wp:attachment":[{"href":"https:\/\/www.funpsi.org\/index.php\/wp-json\/wp\/v2\/media?parent=22"}],"curies":[{"name":"wp","href":"https:\/\/api.w.org\/{rel}","templated":true}]}}