{"id":24,"date":"2022-04-20T15:38:18","date_gmt":"2022-04-20T15:38:18","guid":{"rendered":"https:\/\/www.funpsi.org\/index.php\/contact\/"},"modified":"2026-03-06T17:24:35","modified_gmt":"2026-03-06T17:24:35","slug":"contact","status":"publish","type":"page","link":"https:\/\/www.funpsi.org\/index.php\/contact\/","title":{"rendered":"Contact"},"content":{"rendered":"\n    \n    <section class=\"u-align-center u-clearfix u-container-align-center u-container-align-center-lg u-container-align-center-md u-container-align-center-sm u-container-align-center-xl u-palette-4-base u-section-2\" id=\"sec-24b9\">\n      <div class=\"u-clearfix u-sheet u-sheet-1\">\n        <div class=\"u-align-center-xs u-border-1 u-border-grey-25 u-container-style u-expanded-width-lg u-expanded-width-md u-expanded-width-sm u-expanded-width-xs u-group u-white u-group-1\">\n          <div class=\"u-container-layout u-valign-middle-sm u-container-layout-1\">\n            <h3 class=\"u-align-center-lg u-align-center-md u-align-center-sm u-align-center-xl u-custom-font u-font-open-sans u-text u-text-1\">Informaci\u00f3n de contato<\/h3>\n            <a href=\"mailto:formacion@funpsi.org\" class=\"u-active-none u-btn u-button-style u-hover-none u-none u-text-hover-palette-1-base u-btn-1\"><span class=\"u-icon u-icon-1\"><svg class=\"u-svg-content\" viewBox=\"0 0 479.058 479.058\" style=\"width: 1em; height: 1em;\"><path d=\"m434.146 59.882h-389.234c-24.766 0-44.912 20.146-44.912 44.912v269.47c0 24.766 20.146 44.912 44.912 44.912h389.234c24.766 0 44.912-20.146 44.912-44.912v-269.47c0-24.766-20.146-44.912-44.912-44.912zm0 29.941c2.034 0 3.969.422 5.738 1.159l-200.355 173.649-200.356-173.649c1.769-.736 3.704-1.159 5.738-1.159zm0 299.411h-389.234c-8.26 0-14.971-6.71-14.971-14.971v-251.648l199.778 173.141c2.822 2.441 6.316 3.655 9.81 3.655s6.988-1.213 9.81-3.655l199.778-173.141v251.649c-.001 8.26-6.711 14.97-14.971 14.97z\"><\/path><\/svg><\/span>&nbsp; formacion@funpsi.org\n            <\/a>\n            <p class=\"u-text u-text-2\"><span style=\"font-weight: 700;\">Fundaci\u00f3n Espa\u00f1ola de Psicolog\u00eda y Salud<br><\/span> Plaza del campillo n\u00fam.2, piso 6\u00ba puerta H 18009 \u2013 Granada. Espa\u00f1a.\n            <\/p>\n            <a href=\"mailto:formacion@funpsi.org\" class=\"u-active-none u-btn u-button-style u-hover-none u-none u-text-hover-palette-1-base u-btn-2\"><span class=\"u-icon u-icon-2\"><svg class=\"u-svg-content\" viewBox=\"0 0 479.058 479.058\" style=\"width: 1em; height: 1em;\"><path d=\"m434.146 59.882h-389.234c-24.766 0-44.912 20.146-44.912 44.912v269.47c0 24.766 20.146 44.912 44.912 44.912h389.234c24.766 0 44.912-20.146 44.912-44.912v-269.47c0-24.766-20.146-44.912-44.912-44.912zm0 29.941c2.034 0 3.969.422 5.738 1.159l-200.355 173.649-200.356-173.649c1.769-.736 3.704-1.159 5.738-1.159zm0 299.411h-389.234c-8.26 0-14.971-6.71-14.971-14.971v-251.648l199.778 173.141c2.822 2.441 6.316 3.655 9.81 3.655s6.988-1.213 9.81-3.655l199.778-173.141v251.649c-.001 8.26-6.711 14.97-14.971 14.97z\"><\/path><\/svg><\/span>&nbsp; \u200bfunpsisecretaria@gmail.com\n            <\/a>\n            <div class=\"u-align-left u-social-icons u-social-icons-1\">\n              <a class=\"u-social-url\" target=\"_blank\" href=\"https:\/\/www.facebook.com\/\" title=\"facebook\"><span class=\"u-icon u-icon-circle u-social-facebook u-social-icon u-text-palette-2-base u-icon-3\"><svg class=\"u-svg-link\" preserveAspectRatio=\"xMidYMin slice\" viewBox=\"0 0 112 112\" style=\"\"><use xmlns:xlink=\"http:\/\/www.w3.org\/1999\/xlink\" xlink:href=\"#svg-b467\"><\/use><\/svg><svg x=\"0px\" y=\"0px\" viewBox=\"0 0 112 112\" id=\"svg-b467\" class=\"u-svg-content\"><path d=\"M75.5,28.8H65.4c-1.5,0-4,0.9-4,4.3v9.4h13.9l-1.5,15.8H61.4v45.1H42.8V58.3h-8.8V42.4h8.8V32.2 c0-7.4,3.4-18.8,18.8-18.8h13.8v15.4H75.5z\"><\/path><\/svg><\/span>\n              <\/a>\n              <a class=\"u-social-url\" target=\"_blank\" href=\"https:\/\/twitter.com\/\" title=\"twitter\"><span class=\"u-icon u-icon-circle u-social-icon u-social-twitter u-text-palette-2-base u-icon-4\"><svg class=\"u-svg-link\" preserveAspectRatio=\"xMidYMin slice\" viewBox=\"0 0 112 112\" style=\"\"><use xmlns:xlink=\"http:\/\/www.w3.org\/1999\/xlink\" xlink:href=\"#svg-9e25\"><\/use><\/svg><svg x=\"0px\" y=\"0px\" viewBox=\"0 0 112 112\" id=\"svg-9e25\" class=\"u-svg-content\"><path d=\"M92.2,38.2c0,0.8,0,1.6,0,2.3c0,24.3-18.6,52.4-52.6,52.4c-10.6,0.1-20.2-2.9-28.5-8.2 c1.4,0.2,2.9,0.2,4.4,0.2c8.7,0,16.7-2.9,23-7.9c-8.1-0.2-14.9-5.5-17.3-12.8c1.1,0.2,2.4,0.2,3.4,0.2c1.6,0,3.3-0.2,4.8-0.7 c-8.4-1.6-14.9-9.2-14.9-18c0-0.2,0-0.2,0-0.2c2.5,1.4,5.4,2.2,8.4,2.3c-5-3.3-8.3-8.9-8.3-15.4c0-3.4,1-6.5,2.5-9.2 c9.1,11.1,22.7,18.5,38,19.2c-0.2-1.4-0.4-2.8-0.4-4.3c0.1-10,8.3-18.2,18.5-18.2c5.4,0,10.1,2.2,13.5,5.7c4.3-0.8,8.1-2.3,11.7-4.5 c-1.4,4.3-4.3,7.9-8.1,10.1c3.7-0.4,7.3-1.4,10.6-2.9C98.9,32.3,95.7,35.5,92.2,38.2z\"><\/path><\/svg><\/span>\n              <\/a>\n              <a class=\"u-social-url\" target=\"_blank\" href=\"https:\/\/www.instagram.com\" title=\"instagram\"><span class=\"u-icon u-icon-circle u-social-icon u-social-instagram u-text-palette-2-base u-icon-5\"><svg class=\"u-svg-link\" preserveAspectRatio=\"xMidYMin slice\" viewBox=\"0 0 112 112\" style=\"\"><use xmlns:xlink=\"http:\/\/www.w3.org\/1999\/xlink\" xlink:href=\"#svg-4054\"><\/use><\/svg><svg x=\"0px\" y=\"0px\" viewBox=\"0 0 112 112\" id=\"svg-4054\" class=\"u-svg-content\"><path d=\"M55.9,32.9c-12.8,0-23.2,10.4-23.2,23.2s10.4,23.2,23.2,23.2s23.2-10.4,23.2-23.2S68.7,32.9,55.9,32.9z M55.9,69.4c-7.4,0-13.3-6-13.3-13.3c-0.1-7.4,6-13.3,13.3-13.3s13.3,6,13.3,13.3C69.3,63.5,63.3,69.4,55.9,69.4z\"><\/path><path d=\"M79.7,26.8c-3,0-5.4,2.5-5.4,5.4s2.5,5.4,5.4,5.4c3,0,5.4-2.5,5.4-5.4S82.7,26.8,79.7,26.8z\"><\/path><path d=\"M78.2,11H33.5C21,11,10.8,21.3,10.8,33.7v44.7c0,12.6,10.2,22.8,22.7,22.8h44.7c12.6,0,22.7-10.2,22.7-22.7 V33.7C100.8,21.1,90.6,11,78.2,11z M91,78.4c0,7.1-5.8,12.8-12.8,12.8H33.5c-7.1,0-12.8-5.8-12.8-12.8V33.7 c0-7.1,5.8-12.8,12.8-12.8h44.7c7.1,0,12.8,5.8,12.8,12.8V78.4z\"><\/path><\/svg><\/span>\n              <\/a>\n              <a class=\"u-social-url\" target=\"_blank\" href=\"https:\/\/linkedin.com\" title=\"linkedin\"><span class=\"u-icon u-icon-circle u-social-icon u-social-linkedin u-text-palette-2-base u-icon-6\"><svg class=\"u-svg-link\" preserveAspectRatio=\"xMidYMin slice\" viewBox=\"0 0 112 112\" style=\"\"><use xmlns:xlink=\"http:\/\/www.w3.org\/1999\/xlink\" xlink:href=\"#svg-f81c\"><\/use><\/svg><svg x=\"0px\" y=\"0px\" viewBox=\"0 0 112 112\" id=\"svg-f81c\" class=\"u-svg-content\"><path d=\"M33.8,96.8H14.5v-58h19.3V96.8z M24.1,30.9L24.1,30.9c-6.6,0-10.8-4.5-10.8-10.1c0-5.8,4.3-10.1,10.9-10.1 S34.9,15,35.1,20.8C35.1,26.4,30.8,30.9,24.1,30.9z M103.3,96.8H84.1v-31c0-7.8-2.7-13.1-9.8-13.1c-5.3,0-8.5,3.6-9.9,7.1 c-0.6,1.3-0.6,3-0.6,4.8V97H44.5c0,0,0.3-52.6,0-58h19.3v8.2c2.6-3.9,7.2-9.6,17.4-9.6c12.7,0,22.2,8.4,22.2,26.1V96.8z\"><\/path><\/svg><\/span>\n              <\/a>\n              <a class=\"u-social-url\" target=\"_blank\" href=\"https:\/\/pinterest.com\/\" title=\"pinterest\"><span class=\"u-icon u-icon-circle u-social-icon u-social-pinterest u-text-palette-2-base u-icon-7\"><svg class=\"u-svg-link\" preserveAspectRatio=\"xMidYMin slice\" viewBox=\"0 0 112 112\" style=\"\"><use xmlns:xlink=\"http:\/\/www.w3.org\/1999\/xlink\" xlink:href=\"#svg-15ea\"><\/use><\/svg><svg x=\"0px\" y=\"0px\" viewBox=\"0 0 112 112\" id=\"svg-15ea\" class=\"u-svg-content\"><path d=\"M61.9,79.8c-5.5-0.3-7.8-3.1-12-5.8c-2.3,12.4-5.4,24.3-13.8,30.5c-2.6-18.7,3.8-32.8,6.9-47.7 c-5.1-8.7,0.7-26.2,11.5-21.9c13.5,5.4-11.6,32.3,5.1,35.7c17.6,3.5,24.7-30.5,13.8-41.4c-15.7-16.1-45.7-0.5-42,22.3 c0.9,5.6,6.7,7.2,2.3,15c-10.1-2.2-13-10.2-12.7-20.7c0.6-17.3,15.5-29.3,30.5-31.1c19-2.2,36.8,6.9,39.2,24.7 C93.4,59.5,82.3,81.3,61.9,79.8z\"><\/path><\/svg><\/span>\n              <\/a>\n            <\/div>\n          <\/div>\n        <\/div>\n      <\/div>\n    <\/section>\n    \n    \n    \n    \n  \n","protected":false},"excerpt":{"rendered":"<p>Informaci\u00f3n de contato &nbsp; formacion@funpsi.org Fundaci\u00f3n Espa\u00f1ola de Psicolog\u00eda y Salud Plaza del campillo n\u00fam.2, piso 6\u00ba puerta H 18009 \u2013 Granada. Espa\u00f1a. &nbsp; \u200bfunpsisecretaria@gmail.com<\/p>\n","protected":false},"author":1,"featured_media":0,"parent":0,"menu_order":3,"comment_status":"closed","ping_status":"closed","template":"","meta":{"footnotes":""},"class_list":["post-24","page","type-page","status-publish","hentry"],"_links":{"self":[{"href":"https:\/\/www.funpsi.org\/index.php\/wp-json\/wp\/v2\/pages\/24","targetHints":{"allow":["GET"]}}],"collection":[{"href":"https:\/\/www.funpsi.org\/index.php\/wp-json\/wp\/v2\/pages"}],"about":[{"href":"https:\/\/www.funpsi.org\/index.php\/wp-json\/wp\/v2\/types\/page"}],"author":[{"embeddable":true,"href":"https:\/\/www.funpsi.org\/index.php\/wp-json\/wp\/v2\/users\/1"}],"replies":[{"embeddable":true,"href":"https:\/\/www.funpsi.org\/index.php\/wp-json\/wp\/v2\/comments?post=24"}],"version-history":[{"count":5,"href":"https:\/\/www.funpsi.org\/index.php\/wp-json\/wp\/v2\/pages\/24\/revisions"}],"predecessor-version":[{"id":114,"href":"https:\/\/www.funpsi.org\/index.php\/wp-json\/wp\/v2\/pages\/24\/revisions\/114"}],"wp:attachment":[{"href":"https:\/\/www.funpsi.org\/index.php\/wp-json\/wp\/v2\/media?parent=24"}],"curies":[{"name":"wp","href":"https:\/\/api.w.org\/{rel}","templated":true}]}}