{"id":53,"date":"2022-04-20T19:01:37","date_gmt":"2022-04-20T19:01:37","guid":{"rendered":"https:\/\/www.funpsi.org\/?page_id=53"},"modified":"2026-03-06T17:25:41","modified_gmt":"2026-03-06T17:25:41","slug":"master","status":"publish","type":"page","link":"https:\/\/www.funpsi.org\/index.php\/master\/","title":{"rendered":"MASTER"},"content":{"rendered":"\n    \n    <section class=\"u-clearfix u-section-2\" id=\"sec-a9fe\">\n      <div class=\"u-clearfix u-sheet u-sheet-1\">\n        <div class=\"data-layout-selected u-clearfix u-expanded-width u-gutter-0 u-layout-wrap u-layout-wrap-1\">\n          <div class=\"u-layout\" style=\"\">\n            <div class=\"u-layout-row\" style=\"\">\n              <div class=\"u-container-style u-layout-cell u-left-cell u-size-30 u-size-xs-60 u-white u-layout-cell-1\" src=\"\">\n                <div class=\"u-container-layout u-container-layout-1\">\n                  <p class=\"u-align-justify u-text u-text-1\">\n                    <br>\n                    <br>Para culminar el Programa del M\u00e1ster en Psicolog\u00eda\nJur\u00eddica y Forense con \u00e9xito, y sobre todo, considerando que uno de los principales escollos en la\nformaci\u00f3n a distancia es lograr un ambiente de\ncercan\u00eda, se le presta especial importancia al contacto permanente con los estudiantes, nuestros\/as\ngrandes protagonistas.\nAs\u00ed, a lo largo del proceso de formaci\u00f3n, se tiene\nun contacto permanente con los\/las alumnos\/as\nno solo a trav\u00e9s del campus virtual, sino tambi\u00e9n,\nv\u00eda telef\u00f3nica o mediante videoconferencias mantenidas a trav\u00e9s de Skype, seminarios o talleres\nonline y un apoyo personalizado a trav\u00e9s de los\nprofesores, tutores y coordinadores.\nMediante nuestro sistema de tutor\u00edas, propuestas\nde ejercicios pr\u00e1cticos y sesiones en vivo por\nm\u00f3dulos el\/la alumno\/a puede enfocarse m\u00e1s en\nsu propia educaci\u00f3n, ya sea eligiendo contenidos o\ncomunic\u00e1ndose de inmediato con su profesor\/acoordinador\/a. Es un tipo de formaci\u00f3n especializada, donde el alumnado puede tener un rol principal mediante el seguimiento de las distintas sesiones interactivas desarrolladas y la propuesta de\ntem\u00e1ticas a abordar de forma m\u00e1s espec\u00edfica o\nclarificadora.\nEl M\u00e1ster se desarrolla a trav\u00e9s de la plataforma de\nformaci\u00f3n virtual Moodle, en la actualidad, uno de\nlos mejores sistemas de organizaci\u00f3n y desarrollo\nde formaci\u00f3n online, por la diversidad de recursos\ndid\u00e1cticos, la facilidad de uso y la adaptabilidad a las\nespecialidades de cada tipo de formaci\u00f3n ofrecida.\n                  <\/p>\n                  <h2 class=\"u-align-center u-text u-text-2\"> METODOLOGIA<br>\n                  <\/h2>\n                <\/div>\n              <\/div>\n              <div class=\"u-container-style u-layout-cell u-right-cell u-size-30 u-size-xs-60 u-layout-cell-2\" src=\"\">\n                <div class=\"u-container-layout u-container-layout-2\" src=\"\">\n                  <img decoding=\"async\" class=\"u-expanded-width u-image u-image-1\" src=\"https:\/\/www.funpsi.org\/wp-content\/uploads\/2022\/04\/Capturadepantalla2022-04-20alas20.18.25.png\" data-image-width=\"348\" data-image-height=\"402\">\n                  <h2 class=\"u-align-center u-text u-text-3\"> DESTINATARIOS\/AS<br>\n                  <\/h2>\n                  <p class=\"u-align-justify u-text u-text-4\">\n                    <br> Dirigido a aquellos\/as profesionales de la psicolog\u00eda\nque quieran adquirir y perfeccionar los conocimientos y habilidades en el \u00e1mbito de la psicolog\u00eda\nJur\u00eddica y Forense, sobre todo, en su aplicaci\u00f3n\npr\u00e1ctica en tanto en la administraci\u00f3n p\u00fablica\ncomo en el trabajo libre de la profesi\u00f3n de un\npsic\u00f3logo\/a jur\u00eddico y forense.<br>\n                  <\/p>\n                <\/div>\n              <\/div>\n            <\/div>\n          <\/div>\n        <\/div>\n      <\/div>\n    <\/section>\n    <section class=\"u-clearfix u-palette-3-light-3 u-section-3\" id=\"sec-d145\">\n      <div class=\"u-clearfix u-sheet u-sheet-1\">\n        <div class=\"u-clearfix u-gutter-0 u-layout-wrap u-layout-wrap-1\">\n          <div class=\"u-layout\">\n            <div class=\"u-layout-row\">\n              <div class=\"u-container-style u-layout-cell u-left-cell u-size-60 u-layout-cell-1\">\n                <div class=\"u-container-layout u-valign-top-xl u-container-layout-1\">\n                  <img decoding=\"async\" class=\"u-image u-image-1\" src=\"https:\/\/www.funpsi.org\/wp-content\/uploads\/2022\/04\/Capturadepantalla2022-04-20alas20.08.18.png\" data-image-width=\"410\" data-image-height=\"136\">\n                  <p class=\"u-align-center u-text u-text-1\">INSCRIPCIONES CERRADAS. PR\u00d3XIMAMENTE V EDICI\u00d3N<\/p>\n                <\/div>\n              <\/div>\n            <\/div>\n          <\/div>\n        <\/div>\n      <\/div>\n    <\/section>\n    <section class=\"u-align-center u-clearfix u-container-align-center u-palette-4-base u-section-4\" id=\"block-4\">\n      <div class=\"u-clearfix u-sheet u-sheet-1\">\n        <div class=\"u-align-center-xs u-border-1 u-border-grey-25 u-container-style u-expanded-width-lg u-expanded-width-md u-expanded-width-sm u-expanded-width-xs u-group u-white u-group-1\">\n          <div class=\"u-container-layout u-valign-middle-sm u-container-layout-1\">\n            <h3 class=\"u-align-center-lg u-align-center-md u-align-center-sm u-align-center-xl u-custom-font u-font-open-sans u-text u-text-1\">Informaci\u00f3n de contato<\/h3>\n            <a href=\"mailto:formacion@funpsi.org\" class=\"u-active-none u-btn u-button-style u-hover-none u-none u-text-hover-palette-1-base u-btn-1\"><span class=\"u-icon u-icon-1\"><svg class=\"u-svg-content\" viewBox=\"0 0 479.058 479.058\" style=\"width: 1em; height: 1em;\"><path d=\"m434.146 59.882h-389.234c-24.766 0-44.912 20.146-44.912 44.912v269.47c0 24.766 20.146 44.912 44.912 44.912h389.234c24.766 0 44.912-20.146 44.912-44.912v-269.47c0-24.766-20.146-44.912-44.912-44.912zm0 29.941c2.034 0 3.969.422 5.738 1.159l-200.355 173.649-200.356-173.649c1.769-.736 3.704-1.159 5.738-1.159zm0 299.411h-389.234c-8.26 0-14.971-6.71-14.971-14.971v-251.648l199.778 173.141c2.822 2.441 6.316 3.655 9.81 3.655s6.988-1.213 9.81-3.655l199.778-173.141v251.649c-.001 8.26-6.711 14.97-14.971 14.97z\"><\/path><\/svg><\/span>&nbsp; formacion@funpsi.org\n            <\/a>\n            <p class=\"u-text u-text-2\"><span style=\"font-weight: 700;\">Fundaci\u00f3n Espa\u00f1ola de Psicolog\u00eda y Salud<br><\/span> Plaza del campillo n\u00fam.2, piso 6\u00ba puerta H 18009 \u2013 Granada. Espa\u00f1a.\n            <\/p>\n            <a href=\"mailto:formacion@funpsi.org\" class=\"u-active-none u-btn u-button-style u-hover-none u-none u-text-hover-palette-1-base u-btn-2\"><span class=\"u-icon u-icon-2\"><svg class=\"u-svg-content\" viewBox=\"0 0 479.058 479.058\" style=\"width: 1em; height: 1em;\"><path d=\"m434.146 59.882h-389.234c-24.766 0-44.912 20.146-44.912 44.912v269.47c0 24.766 20.146 44.912 44.912 44.912h389.234c24.766 0 44.912-20.146 44.912-44.912v-269.47c0-24.766-20.146-44.912-44.912-44.912zm0 29.941c2.034 0 3.969.422 5.738 1.159l-200.355 173.649-200.356-173.649c1.769-.736 3.704-1.159 5.738-1.159zm0 299.411h-389.234c-8.26 0-14.971-6.71-14.971-14.971v-251.648l199.778 173.141c2.822 2.441 6.316 3.655 9.81 3.655s6.988-1.213 9.81-3.655l199.778-173.141v251.649c-.001 8.26-6.711 14.97-14.971 14.97z\"><\/path><\/svg><\/span>&nbsp; \u200bfunpsisecretaria@gmail.com\n            <\/a>\n            <a href=\"tel:+34 958 535148\" class=\"u-active-none u-btn u-button-style u-hover-none u-none u-text-hover-palette-1-base u-btn-3\"><span class=\"u-icon u-text-palette-2-base\"><svg class=\"u-svg-content\" viewBox=\"0 0 241.73 241.73\" x=\"0px\" y=\"0px\" style=\"width: 1em; height: 1em;\"><g><path style=\"fill:currentColor;\" d=\"M234.771,181.213l-34.938-34.953c-4.692-4.668-10.975-7.24-17.689-7.24   c-6.987,0-13.584,2.751-18.572,7.742l-13.6,13.597c-10.568-5.874-24.614-13.953-39.197-28.536   c-14.566-14.571-22.646-28.576-28.55-39.201l13.613-13.603c10.121-10.142,10.328-26.413,0.463-36.269L61.37,7.818   c-4.679-4.692-10.962-7.276-17.693-7.276c-6.831,0-13.293,2.63-18.252,7.417c-3,2.416-18.055,15.706-23.666,43.114   c-7.856,38.363,10.194,75.274,62.302,127.403c58.209,58.191,107.902,62.714,121.746,62.714c2.882,0,4.621-0.178,5.085-0.232   c27.147-3.182,36.867-15.238,43.964-24.041C244.052,205.508,244.02,190.496,234.771,181.213z M223.178,207.502   c-6.671,8.274-12.971,16.088-34.031,18.557c-0.011,0.001-1.163,0.13-3.34,0.13c-12.386,0-57.008-4.206-111.139-58.32   C26.615,119.796,9.749,86.829,16.454,54.081c4.894-23.906,17.887-34.067,18.392-34.453l0.448-0.331l0.393-0.394   c2.169-2.167,5.006-3.361,7.989-3.361c2.716,0,5.228,1.018,7.08,2.876l34.939,34.94c4.02,4.016,3.806,10.774-0.471,15.06   L69.829,83.8l-0.253,0.265c-4.012,4.419-3.54,10.391-1.33,14.28c6.377,11.508,15.112,27.269,31.92,44.082   c16.752,16.752,32.49,25.48,43.966,31.845c1.149,0.645,3.521,1.727,6.49,1.727c3.506,0,6.725-1.484,9.108-4.189l14.448-14.444   c2.157-2.158,4.985-3.347,7.964-3.347c2.722,0,5.247,1.021,7.095,2.859l34.915,34.93   C228.587,196.259,226.756,203.064,223.178,207.502z\"><\/path><path style=\"fill:currentColor;\" d=\"M146.447,37.293c12.887,1.483,28.061,9.289,38.657,19.886c10.695,10.695,18.52,26.023,19.933,39.05   c0.417,3.843,3.667,6.691,7.447,6.691c0.27,0,0.544-0.015,0.818-0.044c4.118-0.447,7.094-4.147,6.647-8.265   c-1.787-16.467-11.075-34.874-24.238-48.038c-13.04-13.041-31.259-22.306-47.549-24.181c-4.113-0.477-7.834,2.479-8.308,6.593   C139.38,33.099,142.331,36.819,146.447,37.293z\"><\/path><path style=\"fill:currentColor;\" d=\"M139.44,68.711c6.97,0.803,16.616,5.973,22.935,12.292c6.373,6.374,11.553,16.112,12.316,23.157   c0.417,3.844,3.667,6.692,7.447,6.692c0.27,0,0.543-0.015,0.817-0.044c4.118-0.447,7.095-4.147,6.648-8.265   c-1.304-12.028-9.289-24.813-16.623-32.147c-7.268-7.269-19.928-15.216-31.825-16.587c-4.119-0.479-7.835,2.478-8.309,6.592   C132.373,64.516,135.325,68.237,139.44,68.711z\"><\/path>\n<\/g><\/svg><\/span>&nbsp;\u200b+34 958 535148 \n            <\/a>\n            <div class=\"u-align-left u-social-icons u-social-icons-1\">\n              <a class=\"u-social-url\" target=\"_blank\" href=\"https:\/\/www.facebook.com\/\" title=\"facebook\"><span class=\"u-icon u-icon-circle u-social-facebook u-social-icon u-text-palette-2-base u-icon-4\"><svg class=\"u-svg-link\" preserveAspectRatio=\"xMidYMin slice\" viewBox=\"0 0 112 112\" style=\"\"><use xmlns:xlink=\"http:\/\/www.w3.org\/1999\/xlink\" xlink:href=\"#svg-b467\"><\/use><\/svg><svg x=\"0px\" y=\"0px\" viewBox=\"0 0 112 112\" id=\"svg-b467\" class=\"u-svg-content\"><path d=\"M75.5,28.8H65.4c-1.5,0-4,0.9-4,4.3v9.4h13.9l-1.5,15.8H61.4v45.1H42.8V58.3h-8.8V42.4h8.8V32.2 c0-7.4,3.4-18.8,18.8-18.8h13.8v15.4H75.5z\"><\/path><\/svg><\/span>\n              <\/a>\n              <a class=\"u-social-url\" target=\"_blank\" href=\"https:\/\/twitter.com\/\" title=\"twitter\"><span class=\"u-icon u-icon-circle u-social-icon u-social-twitter u-text-palette-2-base u-icon-5\"><svg class=\"u-svg-link\" preserveAspectRatio=\"xMidYMin slice\" viewBox=\"0 0 112 112\" style=\"\"><use xmlns:xlink=\"http:\/\/www.w3.org\/1999\/xlink\" xlink:href=\"#svg-9e25\"><\/use><\/svg><svg x=\"0px\" y=\"0px\" viewBox=\"0 0 112 112\" id=\"svg-9e25\" class=\"u-svg-content\"><path d=\"M92.2,38.2c0,0.8,0,1.6,0,2.3c0,24.3-18.6,52.4-52.6,52.4c-10.6,0.1-20.2-2.9-28.5-8.2 c1.4,0.2,2.9,0.2,4.4,0.2c8.7,0,16.7-2.9,23-7.9c-8.1-0.2-14.9-5.5-17.3-12.8c1.1,0.2,2.4,0.2,3.4,0.2c1.6,0,3.3-0.2,4.8-0.7 c-8.4-1.6-14.9-9.2-14.9-18c0-0.2,0-0.2,0-0.2c2.5,1.4,5.4,2.2,8.4,2.3c-5-3.3-8.3-8.9-8.3-15.4c0-3.4,1-6.5,2.5-9.2 c9.1,11.1,22.7,18.5,38,19.2c-0.2-1.4-0.4-2.8-0.4-4.3c0.1-10,8.3-18.2,18.5-18.2c5.4,0,10.1,2.2,13.5,5.7c4.3-0.8,8.1-2.3,11.7-4.5 c-1.4,4.3-4.3,7.9-8.1,10.1c3.7-0.4,7.3-1.4,10.6-2.9C98.9,32.3,95.7,35.5,92.2,38.2z\"><\/path><\/svg><\/span>\n              <\/a>\n              <a class=\"u-social-url\" target=\"_blank\" href=\"https:\/\/www.instagram.com\" title=\"instagram\"><span class=\"u-icon u-icon-circle u-social-icon u-social-instagram u-text-palette-2-base u-icon-6\"><svg class=\"u-svg-link\" preserveAspectRatio=\"xMidYMin slice\" viewBox=\"0 0 112 112\" style=\"\"><use xmlns:xlink=\"http:\/\/www.w3.org\/1999\/xlink\" xlink:href=\"#svg-4054\"><\/use><\/svg><svg x=\"0px\" y=\"0px\" viewBox=\"0 0 112 112\" id=\"svg-4054\" class=\"u-svg-content\"><path d=\"M55.9,32.9c-12.8,0-23.2,10.4-23.2,23.2s10.4,23.2,23.2,23.2s23.2-10.4,23.2-23.2S68.7,32.9,55.9,32.9z M55.9,69.4c-7.4,0-13.3-6-13.3-13.3c-0.1-7.4,6-13.3,13.3-13.3s13.3,6,13.3,13.3C69.3,63.5,63.3,69.4,55.9,69.4z\"><\/path><path d=\"M79.7,26.8c-3,0-5.4,2.5-5.4,5.4s2.5,5.4,5.4,5.4c3,0,5.4-2.5,5.4-5.4S82.7,26.8,79.7,26.8z\"><\/path><path d=\"M78.2,11H33.5C21,11,10.8,21.3,10.8,33.7v44.7c0,12.6,10.2,22.8,22.7,22.8h44.7c12.6,0,22.7-10.2,22.7-22.7 V33.7C100.8,21.1,90.6,11,78.2,11z M91,78.4c0,7.1-5.8,12.8-12.8,12.8H33.5c-7.1,0-12.8-5.8-12.8-12.8V33.7 c0-7.1,5.8-12.8,12.8-12.8h44.7c7.1,0,12.8,5.8,12.8,12.8V78.4z\"><\/path><\/svg><\/span>\n              <\/a>\n              <a class=\"u-social-url\" target=\"_blank\" href=\"https:\/\/linkedin.com\" title=\"linkedin\"><span class=\"u-icon u-icon-circle u-social-icon u-social-linkedin u-text-palette-2-base u-icon-7\"><svg class=\"u-svg-link\" preserveAspectRatio=\"xMidYMin slice\" viewBox=\"0 0 112 112\" style=\"\"><use xmlns:xlink=\"http:\/\/www.w3.org\/1999\/xlink\" xlink:href=\"#svg-f81c\"><\/use><\/svg><svg x=\"0px\" y=\"0px\" viewBox=\"0 0 112 112\" id=\"svg-f81c\" class=\"u-svg-content\"><path d=\"M33.8,96.8H14.5v-58h19.3V96.8z M24.1,30.9L24.1,30.9c-6.6,0-10.8-4.5-10.8-10.1c0-5.8,4.3-10.1,10.9-10.1 S34.9,15,35.1,20.8C35.1,26.4,30.8,30.9,24.1,30.9z M103.3,96.8H84.1v-31c0-7.8-2.7-13.1-9.8-13.1c-5.3,0-8.5,3.6-9.9,7.1 c-0.6,1.3-0.6,3-0.6,4.8V97H44.5c0,0,0.3-52.6,0-58h19.3v8.2c2.6-3.9,7.2-9.6,17.4-9.6c12.7,0,22.2,8.4,22.2,26.1V96.8z\"><\/path><\/svg><\/span>\n              <\/a>\n              <a class=\"u-social-url\" target=\"_blank\" href=\"https:\/\/pinterest.com\/\" title=\"pinterest\"><span class=\"u-icon u-icon-circle u-social-icon u-social-pinterest u-text-palette-2-base u-icon-8\"><svg class=\"u-svg-link\" preserveAspectRatio=\"xMidYMin slice\" viewBox=\"0 0 112 112\" style=\"\"><use xmlns:xlink=\"http:\/\/www.w3.org\/1999\/xlink\" xlink:href=\"#svg-15ea\"><\/use><\/svg><svg x=\"0px\" y=\"0px\" viewBox=\"0 0 112 112\" id=\"svg-15ea\" class=\"u-svg-content\"><path d=\"M61.9,79.8c-5.5-0.3-7.8-3.1-12-5.8c-2.3,12.4-5.4,24.3-13.8,30.5c-2.6-18.7,3.8-32.8,6.9-47.7 c-5.1-8.7,0.7-26.2,11.5-21.9c13.5,5.4-11.6,32.3,5.1,35.7c17.6,3.5,24.7-30.5,13.8-41.4c-15.7-16.1-45.7-0.5-42,22.3 c0.9,5.6,6.7,7.2,2.3,15c-10.1-2.2-13-10.2-12.7-20.7c0.6-17.3,15.5-29.3,30.5-31.1c19-2.2,36.8,6.9,39.2,24.7 C93.4,59.5,82.3,81.3,61.9,79.8z\"><\/path><\/svg><\/span>\n              <\/a>\n            <\/div>\n          <\/div>\n        <\/div>\n      <\/div>\n    <\/section>\n    \n    \n    \n    \n  \n","protected":false},"excerpt":{"rendered":"<p>Para culminar el Programa del M\u00e1ster en Psicolog\u00eda Jur\u00eddica y Forense con \u00e9xito, y sobre todo, considerando que uno de los principales escollos en la formaci\u00f3n a distancia es lograr un ambiente de cercan\u00eda, se le presta especial importancia al contacto permanente con los estudiantes, nuestros\/as grandes protagonistas. As\u00ed, a lo largo del proceso de &hellip; <a href=\"https:\/\/www.funpsi.org\/index.php\/master\/\" class=\"more-link\">Continue reading<span class=\"screen-reader-text\"> \u00abMASTER\u00bb<\/span><\/a><\/p>\n","protected":false},"author":1,"featured_media":0,"parent":0,"menu_order":0,"comment_status":"closed","ping_status":"closed","template":"","meta":{"footnotes":""},"class_list":["post-53","page","type-page","status-publish","hentry"],"_links":{"self":[{"href":"https:\/\/www.funpsi.org\/index.php\/wp-json\/wp\/v2\/pages\/53","targetHints":{"allow":["GET"]}}],"collection":[{"href":"https:\/\/www.funpsi.org\/index.php\/wp-json\/wp\/v2\/pages"}],"about":[{"href":"https:\/\/www.funpsi.org\/index.php\/wp-json\/wp\/v2\/types\/page"}],"author":[{"embeddable":true,"href":"https:\/\/www.funpsi.org\/index.php\/wp-json\/wp\/v2\/users\/1"}],"replies":[{"embeddable":true,"href":"https:\/\/www.funpsi.org\/index.php\/wp-json\/wp\/v2\/comments?post=53"}],"version-history":[{"count":10,"href":"https:\/\/www.funpsi.org\/index.php\/wp-json\/wp\/v2\/pages\/53\/revisions"}],"predecessor-version":[{"id":116,"href":"https:\/\/www.funpsi.org\/index.php\/wp-json\/wp\/v2\/pages\/53\/revisions\/116"}],"wp:attachment":[{"href":"https:\/\/www.funpsi.org\/index.php\/wp-json\/wp\/v2\/media?parent=53"}],"curies":[{"name":"wp","href":"https:\/\/api.w.org\/{rel}","templated":true}]}}